{"id":1592,"date":"2022-05-16T16:29:15","date_gmt":"2022-05-16T14:29:15","guid":{"rendered":"http:\/\/restaurantdvisi.com\/faqs\/"},"modified":"2022-06-13T15:53:57","modified_gmt":"2022-06-13T13:53:57","slug":"faq","status":"publish","type":"page","link":"https:\/\/restaurantdvisi.com\/fr\/faq\/","title":{"rendered":"FAQ"},"content":{"rendered":"\t\t<div data-elementor-type=\"wp-page\" data-elementor-id=\"1592\" class=\"elementor elementor-1592 elementor-116\">\n\t\t\t\t\t\t\t\t\t<section class=\"elementor-section elementor-top-section elementor-element elementor-element-fe4ee40 elementor-section-full_width elementor-section-height-default elementor-section-height-default\" data-id=\"fe4ee40\" data-element_type=\"section\" data-settings=\"{&quot;background_background&quot;:&quot;classic&quot;}\">\n\t\t\t\t\t\t<div class=\"elementor-container elementor-column-gap-default\">\n\t\t\t\t\t<div class=\"elementor-column elementor-col-16 elementor-top-column elementor-element elementor-element-d0563c2\" data-id=\"d0563c2\" data-element_type=\"column\">\n\t\t\t<div class=\"elementor-widget-wrap\">\n\t\t\t\t\t\t\t\t\t<\/div>\n\t\t<\/div>\n\t\t\t\t<div class=\"elementor-column elementor-col-66 elementor-top-column elementor-element elementor-element-9f57076\" data-id=\"9f57076\" data-element_type=\"column\">\n\t\t\t<div class=\"elementor-widget-wrap elementor-element-populated\">\n\t\t\t\t\t\t\t\t<div class=\"elementor-element elementor-element-a4e73db animated-slow elementor-invisible elementor-widget elementor-widget-heading\" data-id=\"a4e73db\" data-element_type=\"widget\" data-settings=\"{&quot;_animation&quot;:&quot;fadeIn&quot;}\" data-widget_type=\"heading.default\">\n\t\t\t\t<div class=\"elementor-widget-container\">\n\t\t\t<style>\/*! elementor - v3.10.0 - 09-01-2023 *\/\n.elementor-heading-title{padding:0;margin:0;line-height:1}.elementor-widget-heading .elementor-heading-title[class*=elementor-size-]>a{color:inherit;font-size:inherit;line-height:inherit}.elementor-widget-heading .elementor-heading-title.elementor-size-small{font-size:15px}.elementor-widget-heading .elementor-heading-title.elementor-size-medium{font-size:19px}.elementor-widget-heading .elementor-heading-title.elementor-size-large{font-size:29px}.elementor-widget-heading .elementor-heading-title.elementor-size-xl{font-size:39px}.elementor-widget-heading .elementor-heading-title.elementor-size-xxl{font-size:59px}<\/style><h1 class=\"elementor-heading-title elementor-size-default\">Questions fr\u00e9quentes<\/h1>\t\t<\/div>\n\t\t\t\t<\/div>\n\t\t\t\t<section class=\"elementor-section elementor-inner-section elementor-element elementor-element-8f0e045 elementor-section-full_width animated-slow elementor-section-height-default elementor-section-height-default elementor-invisible\" data-id=\"8f0e045\" data-element_type=\"section\" data-settings=\"{&quot;animation&quot;:&quot;fadeInUp&quot;}\">\n\t\t\t\t\t\t<div class=\"elementor-container elementor-column-gap-default\">\n\t\t\t\t\t<div class=\"elementor-column elementor-col-50 elementor-inner-column elementor-element elementor-element-e589f28\" data-id=\"e589f28\" data-element_type=\"column\">\n\t\t\t<div class=\"elementor-widget-wrap elementor-element-populated\">\n\t\t\t\t\t\t\t\t<div class=\"elementor-element elementor-element-366aeac elementor-widget elementor-widget-text-editor\" data-id=\"366aeac\" data-element_type=\"widget\" data-widget_type=\"text-editor.default\">\n\t\t\t\t<div class=\"elementor-widget-container\">\n\t\t\t<style>\/*! elementor - v3.10.0 - 09-01-2023 *\/\n.elementor-widget-text-editor.elementor-drop-cap-view-stacked .elementor-drop-cap{background-color:#818a91;color:#fff}.elementor-widget-text-editor.elementor-drop-cap-view-framed .elementor-drop-cap{color:#818a91;border:3px solid;background-color:transparent}.elementor-widget-text-editor:not(.elementor-drop-cap-view-default) .elementor-drop-cap{margin-top:8px}.elementor-widget-text-editor:not(.elementor-drop-cap-view-default) .elementor-drop-cap-letter{width:1em;height:1em}.elementor-widget-text-editor .elementor-drop-cap{float:left;text-align:center;line-height:1;font-size:50px}.elementor-widget-text-editor .elementor-drop-cap-letter{display:inline-block}<\/style>\t\t\t\t<p><span style=\"font-weight: 400;\">Nous voulons que votre exp\u00e9rience DVISI ait tout ce que vous souhaitez trouver et d\u00e9passe vos attentes. Si vous le d\u00e9sirez, vous pouvez consulter les questions les plus fr\u00e9quemment pos\u00e9es par nos clients pour r\u00e9pondre \u00e0 tous vos doutes avant de profiter de votre visite au restaurant.\u00a0<\/span><\/p>\t\t\t\t\t\t<\/div>\n\t\t\t\t<\/div>\n\t\t\t\t\t<\/div>\n\t\t<\/div>\n\t\t\t\t<div class=\"elementor-column elementor-col-50 elementor-inner-column elementor-element elementor-element-7fdd6a2\" data-id=\"7fdd6a2\" data-element_type=\"column\">\n\t\t\t<div class=\"elementor-widget-wrap\">\n\t\t\t\t\t\t\t\t\t<\/div>\n\t\t<\/div>\n\t\t\t\t\t\t\t<\/div>\n\t\t<\/section>\n\t\t\t\t<div class=\"elementor-element elementor-element-0bdfec7 animated-slow elementor-invisible elementor-widget elementor-widget-toggle\" data-id=\"0bdfec7\" data-element_type=\"widget\" data-settings=\"{&quot;_animation&quot;:&quot;fadeInUp&quot;,&quot;_animation_delay&quot;:300}\" data-widget_type=\"toggle.default\">\n\t\t\t\t<div class=\"elementor-widget-container\">\n\t\t\t<style>\/*! elementor - v3.10.0 - 09-01-2023 *\/\n.elementor-toggle{text-align:left}.elementor-toggle .elementor-tab-title{font-weight:700;line-height:1;margin:0;padding:15px;border-bottom:1px solid #d4d4d4;cursor:pointer;outline:none}.elementor-toggle .elementor-tab-title .elementor-toggle-icon{display:inline-block;width:1em}.elementor-toggle .elementor-tab-title .elementor-toggle-icon svg{-webkit-margin-start:-5px;margin-inline-start:-5px;width:1em;height:1em}.elementor-toggle .elementor-tab-title .elementor-toggle-icon.elementor-toggle-icon-right{float:right;text-align:right}.elementor-toggle .elementor-tab-title .elementor-toggle-icon.elementor-toggle-icon-left{float:left;text-align:left}.elementor-toggle .elementor-tab-title .elementor-toggle-icon .elementor-toggle-icon-closed{display:block}.elementor-toggle .elementor-tab-title .elementor-toggle-icon .elementor-toggle-icon-opened{display:none}.elementor-toggle .elementor-tab-title.elementor-active{border-bottom:none}.elementor-toggle .elementor-tab-title.elementor-active .elementor-toggle-icon-closed{display:none}.elementor-toggle .elementor-tab-title.elementor-active .elementor-toggle-icon-opened{display:block}.elementor-toggle .elementor-tab-content{padding:15px;border-bottom:1px solid #d4d4d4;display:none}@media (max-width:767px){.elementor-toggle .elementor-tab-title{padding:12px}.elementor-toggle .elementor-tab-content{padding:12px 10px}}.e-con-inner>.elementor-widget-toggle,.e-con>.elementor-widget-toggle{width:var(--container-widget-width);--flex-grow:var(--container-widget-flex-grow)}<\/style>\t\t<div class=\"elementor-toggle\" role=\"tablist\">\n\t\t\t\t\t\t\t<div class=\"elementor-toggle-item\">\n\t\t\t\t\t<h2 id=\"elementor-tab-title-1241\" class=\"elementor-tab-title\" data-tab=\"1\" role=\"tab\" aria-controls=\"elementor-tab-content-1241\" aria-expanded=\"false\">\n\t\t\t\t\t\t\t\t\t\t\t\t<a href=\"\" class=\"elementor-toggle-title\">1\/ Que faire si j'ai une allergie ou une intol\u00e9rance ?<\/a>\n\t\t\t\t\t<\/h2>\n\n\t\t\t\t\t<div id=\"elementor-tab-content-1241\" class=\"elementor-tab-content elementor-clearfix\" data-tab=\"1\" role=\"tabpanel\" aria-labelledby=\"elementor-tab-title-1241\"><p><span style=\"font-weight: 400;\">La grande majorit\u00e9 de nos plats peuvent \u00eatre adapt\u00e9s aux allergies et intol\u00e9rances de nos clients, en utilisant des ingr\u00e9dients alternatifs ou en proposant d&rsquo;autres plats du menu. Pour ce faire, il est essentiel que vous nous fassiez part de vos allergies au moment de la r\u00e9servation. En r\u00e9servant votre table sur notre site web, vous pouvez facilement indiquer les aliments que vous ne pouvez pas manger. <\/span><\/p><\/div>\n\t\t\t\t<\/div>\n\t\t\t\t\t\t\t<div class=\"elementor-toggle-item\">\n\t\t\t\t\t<h2 id=\"elementor-tab-title-1242\" class=\"elementor-tab-title\" data-tab=\"2\" role=\"tab\" aria-controls=\"elementor-tab-content-1242\" aria-expanded=\"false\">\n\t\t\t\t\t\t\t\t\t\t\t\t<a href=\"\" class=\"elementor-toggle-title\">2\/ Le restaurant dispose-t-il d'une terrasse ?<\/a>\n\t\t\t\t\t<\/h2>\n\n\t\t\t\t\t<div id=\"elementor-tab-content-1242\" class=\"elementor-tab-content elementor-clearfix\" data-tab=\"2\" role=\"tabpanel\" aria-labelledby=\"elementor-tab-title-1242\"><p><span style=\"font-weight: 400;\">DVISI a deux zones diff\u00e9rentes : l&rsquo;int\u00e9rieur et l&rsquo;ext\u00e9rieur. La terrasse est un espace semi-ouvert avec un toit en m\u00e9thacrylate et des panneaux pliants. Pendant les mois les plus chauds de l&rsquo;ann\u00e9e, nous am\u00e9nageons cet espace pour que les convives puissent manger en profitant de l&rsquo;air ambiant.<\/span><\/p><\/div>\n\t\t\t\t<\/div>\n\t\t\t\t\t\t\t<div class=\"elementor-toggle-item\">\n\t\t\t\t\t<h2 id=\"elementor-tab-title-1243\" class=\"elementor-tab-title\" data-tab=\"3\" role=\"tab\" aria-controls=\"elementor-tab-content-1243\" aria-expanded=\"false\">\n\t\t\t\t\t\t\t\t\t\t\t\t<a href=\"\" class=\"elementor-toggle-title\">3\/ Est-il possible de faire des r\u00e9servations pour les groupes ?<\/a>\n\t\t\t\t\t<\/h2>\n\n\t\t\t\t\t<div id=\"elementor-tab-content-1243\" class=\"elementor-tab-content elementor-clearfix\" data-tab=\"3\" role=\"tabpanel\" aria-labelledby=\"elementor-tab-title-1243\"><p><span style=\"font-weight: 400;\">Le nombre maximum de convives que nous acceptons dans notre restaurant est de huit personnes. Nous avons une salle priv\u00e9e dans laquelle nous avons install\u00e9 la plus grande table du restaurant, la table pour huit personnes.<\/span><\/p><\/div>\n\t\t\t\t<\/div>\n\t\t\t\t\t\t\t<div class=\"elementor-toggle-item\">\n\t\t\t\t\t<h2 id=\"elementor-tab-title-1244\" class=\"elementor-tab-title\" data-tab=\"4\" role=\"tab\" aria-controls=\"elementor-tab-content-1244\" aria-expanded=\"false\">\n\t\t\t\t\t\t\t\t\t\t\t\t<a href=\"\" class=\"elementor-toggle-title\">4\/ Les chiens sont-ils admis dans le restaurant ?<\/a>\n\t\t\t\t\t<\/h2>\n\n\t\t\t\t\t<div id=\"elementor-tab-content-1244\" class=\"elementor-tab-content elementor-clearfix\" data-tab=\"4\" role=\"tabpanel\" aria-labelledby=\"elementor-tab-title-1244\"><p><span style=\"font-weight: 400;\">Oui, les chiens sont autoris\u00e9s, \u00e0 condition que les r\u00e9servations correspondantes soient situ\u00e9es \u00e0 l&rsquo;ext\u00e9rieur du restaurant. Les chiens sont sous la responsabilit\u00e9 de leurs ma\u00eetres, nous appr\u00e9cierions donc qu&rsquo;ils soient bien \u00e9lev\u00e9s et ne perturbent pas le bien-\u00eatre des autres convives. <\/span><\/p><\/div>\n\t\t\t\t<\/div>\n\t\t\t\t\t\t\t<div class=\"elementor-toggle-item\">\n\t\t\t\t\t<h2 id=\"elementor-tab-title-1245\" class=\"elementor-tab-title\" data-tab=\"5\" role=\"tab\" aria-controls=\"elementor-tab-content-1245\" aria-expanded=\"false\">\n\t\t\t\t\t\t\t\t\t\t\t\t<a href=\"\" class=\"elementor-toggle-title\">5\/ Les personnes \u00e0 mobilit\u00e9 r\u00e9duite ou en fauteuil roulant peuvent-elles acc\u00e9der au restaurant ?<\/a>\n\t\t\t\t\t<\/h2>\n\n\t\t\t\t\t<div id=\"elementor-tab-content-1245\" class=\"elementor-tab-content elementor-clearfix\" data-tab=\"5\" role=\"tabpanel\" aria-labelledby=\"elementor-tab-title-1245\"><p><span style=\"font-weight: 400;\">Oui, les zones DVISI sont suffisamment larges pour les personnes en fauteuil roulant et il n&rsquo;y a pas d&rsquo;escaliers, \u00e0 l&rsquo;exception d&rsquo;une petite marche. Les personnes \u00e0 mobilit\u00e9 r\u00e9duite peuvent acc\u00e9der au restaurant par l&rsquo;entr\u00e9e de l&rsquo;h\u00f4tel et se d\u00e9placer facilement vers la salle \u00e0 manger ou la terrasse du restaurant.<\/span><\/p><\/div>\n\t\t\t\t<\/div>\n\t\t\t\t\t\t\t<div class=\"elementor-toggle-item\">\n\t\t\t\t\t<h2 id=\"elementor-tab-title-1246\" class=\"elementor-tab-title\" data-tab=\"6\" role=\"tab\" aria-controls=\"elementor-tab-content-1246\" aria-expanded=\"false\">\n\t\t\t\t\t\t\t\t\t\t\t\t<a href=\"\" class=\"elementor-toggle-title\">6\/ Est-il possible d'annoncer l'anniversaire de quelqu'un ?<\/a>\n\t\t\t\t\t<\/h2>\n\n\t\t\t\t\t<div id=\"elementor-tab-content-1246\" class=\"elementor-tab-content elementor-clearfix\" data-tab=\"6\" role=\"tabpanel\" aria-labelledby=\"elementor-tab-title-1246\"><p><span style=\"font-weight: 400;\">Oui, lorsque vous faites votre r\u00e9servation en ligne, vous pouvez indiquer s&rsquo;il s&rsquo;agit d&rsquo;une f\u00eate ou d&rsquo;un anniversaire, afin que nous puissions pr\u00e9parer une bougie symbolique qui sera ajout\u00e9e aux desserts que vous allez commander. Si vous pr\u00e9f\u00e9rez, vous pouvez apporter vos propres bougies personnalis\u00e9es ou des bougies avec un num\u00e9ro afin que nous puissions les apporter \u00e0 la personne f\u00eat\u00e9e avec le dessert.<\/span><\/p><\/div>\n\t\t\t\t<\/div>\n\t\t\t\t\t\t\t\t\t\t<script type=\"application\/ld+json\">{\"@context\":\"https:\\\/\\\/schema.org\",\"@type\":\"FAQPage\",\"mainEntity\":[{\"@type\":\"Question\",\"name\":\"1\\\/ Que faire si j'ai une allergie ou une intol\\u00e9rance ?\",\"acceptedAnswer\":{\"@type\":\"Answer\",\"text\":\"<p><span style=\\\"font-weight: 400;\\\">La grande majorit\\u00e9 de nos plats peuvent \\u00eatre adapt\\u00e9s aux allergies et intol\\u00e9rances de nos clients, en utilisant des ingr\\u00e9dients alternatifs ou en proposant d&rsquo;autres plats du menu. Pour ce faire, il est essentiel que vous nous fassiez part de vos allergies au moment de la r\\u00e9servation. En r\\u00e9servant votre table sur notre site web, vous pouvez facilement indiquer les aliments que vous ne pouvez pas manger. <\\\/span><\\\/p>\"}},{\"@type\":\"Question\",\"name\":\"2\\\/ Le restaurant dispose-t-il d'une terrasse ?\",\"acceptedAnswer\":{\"@type\":\"Answer\",\"text\":\"<p><span style=\\\"font-weight: 400;\\\">DVISI a deux zones diff\\u00e9rentes : l&rsquo;int\\u00e9rieur et l&rsquo;ext\\u00e9rieur. La terrasse est un espace semi-ouvert avec un toit en m\\u00e9thacrylate et des panneaux pliants. Pendant les mois les plus chauds de l&rsquo;ann\\u00e9e, nous am\\u00e9nageons cet espace pour que les convives puissent manger en profitant de l&rsquo;air ambiant.<\\\/span><\\\/p>\"}},{\"@type\":\"Question\",\"name\":\"3\\\/ Est-il possible de faire des r\\u00e9servations pour les groupes ?\",\"acceptedAnswer\":{\"@type\":\"Answer\",\"text\":\"<p><span style=\\\"font-weight: 400;\\\">Le nombre maximum de convives que nous acceptons dans notre restaurant est de huit personnes. Nous avons une salle priv\\u00e9e dans laquelle nous avons install\\u00e9 la plus grande table du restaurant, la table pour huit personnes.<\\\/span><\\\/p>\"}},{\"@type\":\"Question\",\"name\":\"4\\\/ Les chiens sont-ils admis dans le restaurant ?\",\"acceptedAnswer\":{\"@type\":\"Answer\",\"text\":\"<p><span style=\\\"font-weight: 400;\\\">Oui, les chiens sont autoris\\u00e9s, \\u00e0 condition que les r\\u00e9servations correspondantes soient situ\\u00e9es \\u00e0 l&rsquo;ext\\u00e9rieur du restaurant. Les chiens sont sous la responsabilit\\u00e9 de leurs ma\\u00eetres, nous appr\\u00e9cierions donc qu&rsquo;ils soient bien \\u00e9lev\\u00e9s et ne perturbent pas le bien-\\u00eatre des autres convives. <\\\/span><\\\/p>\"}},{\"@type\":\"Question\",\"name\":\"5\\\/ Les personnes \\u00e0 mobilit\\u00e9 r\\u00e9duite ou en fauteuil roulant peuvent-elles acc\\u00e9der au restaurant ?\",\"acceptedAnswer\":{\"@type\":\"Answer\",\"text\":\"<p><span style=\\\"font-weight: 400;\\\">Oui, les zones DVISI sont suffisamment larges pour les personnes en fauteuil roulant et il n&rsquo;y a pas d&rsquo;escaliers, \\u00e0 l&rsquo;exception d&rsquo;une petite marche. Les personnes \\u00e0 mobilit\\u00e9 r\\u00e9duite peuvent acc\\u00e9der au restaurant par l&rsquo;entr\\u00e9e de l&rsquo;h\\u00f4tel et se d\\u00e9placer facilement vers la salle \\u00e0 manger ou la terrasse du restaurant.<\\\/span><\\\/p>\"}},{\"@type\":\"Question\",\"name\":\"6\\\/ Est-il possible d'annoncer l'anniversaire de quelqu'un ?\",\"acceptedAnswer\":{\"@type\":\"Answer\",\"text\":\"<p><span style=\\\"font-weight: 400;\\\">Oui, lorsque vous faites votre r\\u00e9servation en ligne, vous pouvez indiquer s&rsquo;il s&rsquo;agit d&rsquo;une f\\u00eate ou d&rsquo;un anniversaire, afin que nous puissions pr\\u00e9parer une bougie symbolique qui sera ajout\\u00e9e aux desserts que vous allez commander. Si vous pr\\u00e9f\\u00e9rez, vous pouvez apporter vos propres bougies personnalis\\u00e9es ou des bougies avec un num\\u00e9ro afin que nous puissions les apporter \\u00e0 la personne f\\u00eat\\u00e9e avec le dessert.<\\\/span><\\\/p>\"}}]}<\/script>\n\t\t\t\t\t<\/div>\n\t\t\t\t<\/div>\n\t\t\t\t<\/div>\n\t\t\t\t\t<\/div>\n\t\t<\/div>\n\t\t\t\t<div class=\"elementor-column elementor-col-16 elementor-top-column elementor-element elementor-element-2762c0e\" data-id=\"2762c0e\" data-element_type=\"column\">\n\t\t\t<div class=\"elementor-widget-wrap\">\n\t\t\t\t\t\t\t\t\t<\/div>\n\t\t<\/div>\n\t\t\t\t\t\t\t<\/div>\n\t\t<\/section>\n\t\t\t\t\t\t\t<\/div>\n\t\t","protected":false},"excerpt":{"rendered":"<p>Questions fr\u00e9quentes Nous voulons que votre exp\u00e9rience DVISI ait tout ce que vous souhaitez trouver et d\u00e9passe vos attentes. Si vous le d\u00e9sirez, vous pouvez consulter les questions les plus fr\u00e9quemment pos\u00e9es par nos clients pour r\u00e9pondre \u00e0 tous vos doutes avant de profiter de votre visite au restaurant.\u00a0 1\/ Que faire si j&rsquo;ai une [&hellip;]<\/p>\n","protected":false},"author":1,"featured_media":0,"parent":0,"menu_order":0,"comment_status":"closed","ping_status":"closed","template":"elementor_header_footer","meta":{"footnotes":""},"class_list":["post-1592","page","type-page","status-publish","hentry"],"_links":{"self":[{"href":"https:\/\/restaurantdvisi.com\/fr\/wp-json\/wp\/v2\/pages\/1592","targetHints":{"allow":["GET"]}}],"collection":[{"href":"https:\/\/restaurantdvisi.com\/fr\/wp-json\/wp\/v2\/pages"}],"about":[{"href":"https:\/\/restaurantdvisi.com\/fr\/wp-json\/wp\/v2\/types\/page"}],"author":[{"embeddable":true,"href":"https:\/\/restaurantdvisi.com\/fr\/wp-json\/wp\/v2\/users\/1"}],"replies":[{"embeddable":true,"href":"https:\/\/restaurantdvisi.com\/fr\/wp-json\/wp\/v2\/comments?post=1592"}],"version-history":[{"count":4,"href":"https:\/\/restaurantdvisi.com\/fr\/wp-json\/wp\/v2\/pages\/1592\/revisions"}],"predecessor-version":[{"id":1991,"href":"https:\/\/restaurantdvisi.com\/fr\/wp-json\/wp\/v2\/pages\/1592\/revisions\/1991"}],"wp:attachment":[{"href":"https:\/\/restaurantdvisi.com\/fr\/wp-json\/wp\/v2\/media?parent=1592"}],"curies":[{"name":"wp","href":"https:\/\/api.w.org\/{rel}","templated":true}]}}