{"id":116,"date":"2022-05-16T16:29:15","date_gmt":"2022-05-16T14:29:15","guid":{"rendered":"http:\/\/restaurantdvisi.com\/?page_id=116"},"modified":"2023-03-06T11:48:30","modified_gmt":"2023-03-06T10:48:30","slug":"faq","status":"publish","type":"page","link":"https:\/\/restaurantdvisi.com\/es\/faq\/","title":{"rendered":"FAQ"},"content":{"rendered":"\t\t<div data-elementor-type=\"wp-page\" data-elementor-id=\"116\" class=\"elementor elementor-116\">\n\t\t\t\t\t\t\t\t\t<section class=\"elementor-section elementor-top-section elementor-element elementor-element-fe4ee40 elementor-section-full_width elementor-section-height-default elementor-section-height-default\" data-id=\"fe4ee40\" data-element_type=\"section\" data-settings=\"{&quot;background_background&quot;:&quot;classic&quot;}\">\n\t\t\t\t\t\t<div class=\"elementor-container elementor-column-gap-default\">\n\t\t\t\t\t<div class=\"elementor-column elementor-col-16 elementor-top-column elementor-element elementor-element-d0563c2\" data-id=\"d0563c2\" data-element_type=\"column\">\n\t\t\t<div class=\"elementor-widget-wrap\">\n\t\t\t\t\t\t\t\t\t<\/div>\n\t\t<\/div>\n\t\t\t\t<div class=\"elementor-column elementor-col-66 elementor-top-column elementor-element elementor-element-9f57076\" data-id=\"9f57076\" data-element_type=\"column\">\n\t\t\t<div class=\"elementor-widget-wrap elementor-element-populated\">\n\t\t\t\t\t\t\t\t<div class=\"elementor-element elementor-element-a4e73db animated-slow elementor-invisible elementor-widget elementor-widget-heading\" data-id=\"a4e73db\" data-element_type=\"widget\" data-settings=\"{&quot;_animation&quot;:&quot;fadeIn&quot;}\" data-widget_type=\"heading.default\">\n\t\t\t\t<div class=\"elementor-widget-container\">\n\t\t\t<style>\/*! elementor - v3.10.0 - 09-01-2023 *\/\n.elementor-heading-title{padding:0;margin:0;line-height:1}.elementor-widget-heading .elementor-heading-title[class*=elementor-size-]>a{color:inherit;font-size:inherit;line-height:inherit}.elementor-widget-heading .elementor-heading-title.elementor-size-small{font-size:15px}.elementor-widget-heading .elementor-heading-title.elementor-size-medium{font-size:19px}.elementor-widget-heading .elementor-heading-title.elementor-size-large{font-size:29px}.elementor-widget-heading .elementor-heading-title.elementor-size-xl{font-size:39px}.elementor-widget-heading .elementor-heading-title.elementor-size-xxl{font-size:59px}<\/style><h1 class=\"elementor-heading-title elementor-size-default\">Preguntas frecuentes<\/h1>\t\t<\/div>\n\t\t\t\t<\/div>\n\t\t\t\t<section class=\"elementor-section elementor-inner-section elementor-element elementor-element-8f0e045 elementor-section-full_width animated-slow elementor-section-height-default elementor-section-height-default elementor-invisible\" data-id=\"8f0e045\" data-element_type=\"section\" data-settings=\"{&quot;animation&quot;:&quot;fadeInUp&quot;}\">\n\t\t\t\t\t\t<div class=\"elementor-container elementor-column-gap-default\">\n\t\t\t\t\t<div class=\"elementor-column elementor-col-50 elementor-inner-column elementor-element elementor-element-e589f28\" data-id=\"e589f28\" data-element_type=\"column\">\n\t\t\t<div class=\"elementor-widget-wrap elementor-element-populated\">\n\t\t\t\t\t\t\t\t<div class=\"elementor-element elementor-element-366aeac elementor-widget elementor-widget-text-editor\" data-id=\"366aeac\" data-element_type=\"widget\" data-widget_type=\"text-editor.default\">\n\t\t\t\t<div class=\"elementor-widget-container\">\n\t\t\t<style>\/*! elementor - v3.10.0 - 09-01-2023 *\/\n.elementor-widget-text-editor.elementor-drop-cap-view-stacked .elementor-drop-cap{background-color:#818a91;color:#fff}.elementor-widget-text-editor.elementor-drop-cap-view-framed .elementor-drop-cap{color:#818a91;border:3px solid;background-color:transparent}.elementor-widget-text-editor:not(.elementor-drop-cap-view-default) .elementor-drop-cap{margin-top:8px}.elementor-widget-text-editor:not(.elementor-drop-cap-view-default) .elementor-drop-cap-letter{width:1em;height:1em}.elementor-widget-text-editor .elementor-drop-cap{float:left;text-align:center;line-height:1;font-size:50px}.elementor-widget-text-editor .elementor-drop-cap-letter{display:inline-block}<\/style>\t\t\t\t<p><span style=\"font-weight: 400;\">Queremos que tu experiencia DVISI tenga todo aquello que deseas encontrar y supere tus expectativas. Si lo deseas, puedes echar un vistazo a las preguntas m\u00e1s frecuentes de nuestros clientes para resolver todas tus dudas antes de disfrutar de tu visita al restaurante. <\/span><\/p>\t\t\t\t\t\t<\/div>\n\t\t\t\t<\/div>\n\t\t\t\t\t<\/div>\n\t\t<\/div>\n\t\t\t\t<div class=\"elementor-column elementor-col-50 elementor-inner-column elementor-element elementor-element-7fdd6a2\" data-id=\"7fdd6a2\" data-element_type=\"column\">\n\t\t\t<div class=\"elementor-widget-wrap\">\n\t\t\t\t\t\t\t\t\t<\/div>\n\t\t<\/div>\n\t\t\t\t\t\t\t<\/div>\n\t\t<\/section>\n\t\t\t\t<div class=\"elementor-element elementor-element-0bdfec7 animated-slow elementor-invisible elementor-widget elementor-widget-toggle\" data-id=\"0bdfec7\" data-element_type=\"widget\" data-settings=\"{&quot;_animation&quot;:&quot;fadeInUp&quot;,&quot;_animation_delay&quot;:300}\" data-widget_type=\"toggle.default\">\n\t\t\t\t<div class=\"elementor-widget-container\">\n\t\t\t<style>\/*! elementor - v3.10.0 - 09-01-2023 *\/\n.elementor-toggle{text-align:left}.elementor-toggle .elementor-tab-title{font-weight:700;line-height:1;margin:0;padding:15px;border-bottom:1px solid #d4d4d4;cursor:pointer;outline:none}.elementor-toggle .elementor-tab-title .elementor-toggle-icon{display:inline-block;width:1em}.elementor-toggle .elementor-tab-title .elementor-toggle-icon svg{-webkit-margin-start:-5px;margin-inline-start:-5px;width:1em;height:1em}.elementor-toggle .elementor-tab-title .elementor-toggle-icon.elementor-toggle-icon-right{float:right;text-align:right}.elementor-toggle .elementor-tab-title .elementor-toggle-icon.elementor-toggle-icon-left{float:left;text-align:left}.elementor-toggle .elementor-tab-title .elementor-toggle-icon .elementor-toggle-icon-closed{display:block}.elementor-toggle .elementor-tab-title .elementor-toggle-icon .elementor-toggle-icon-opened{display:none}.elementor-toggle .elementor-tab-title.elementor-active{border-bottom:none}.elementor-toggle .elementor-tab-title.elementor-active .elementor-toggle-icon-closed{display:none}.elementor-toggle .elementor-tab-title.elementor-active .elementor-toggle-icon-opened{display:block}.elementor-toggle .elementor-tab-content{padding:15px;border-bottom:1px solid #d4d4d4;display:none}@media (max-width:767px){.elementor-toggle .elementor-tab-title{padding:12px}.elementor-toggle .elementor-tab-content{padding:12px 10px}}.e-con-inner>.elementor-widget-toggle,.e-con>.elementor-widget-toggle{width:var(--container-widget-width);--flex-grow:var(--container-widget-flex-grow)}<\/style>\t\t<div class=\"elementor-toggle\" role=\"tablist\">\n\t\t\t\t\t\t\t<div class=\"elementor-toggle-item\">\n\t\t\t\t\t<h2 id=\"elementor-tab-title-1241\" class=\"elementor-tab-title\" data-tab=\"1\" role=\"tab\" aria-controls=\"elementor-tab-content-1241\" aria-expanded=\"false\">\n\t\t\t\t\t\t\t\t\t\t\t\t<a href=\"\" class=\"elementor-toggle-title\">1\/ \u00bfQu\u00e9 pasa si tengo alguna alergia o intolerancia?<\/a>\n\t\t\t\t\t<\/h2>\n\n\t\t\t\t\t<div id=\"elementor-tab-content-1241\" class=\"elementor-tab-content elementor-clearfix\" data-tab=\"1\" role=\"tabpanel\" aria-labelledby=\"elementor-tab-title-1241\"><p><span style=\"font-weight: 400;\">La gran mayor\u00eda de nuestros platos pueden adaptarse a las alergias e intolerancias de nuestros clientes, utilizando ingredientes alternativos o proponiendo otros platos fuera de carta. Para ello, es imprescindible que nos indiques cu\u00e1les son tus alergias en el momento de la reserva. Reservando tu mesa a trav\u00e9s de nuestra web, podr\u00e1s indicar f\u00e1cilmente qu\u00e9 alimentos no puedes consumir. <\/span><\/p><\/div>\n\t\t\t\t<\/div>\n\t\t\t\t\t\t\t<div class=\"elementor-toggle-item\">\n\t\t\t\t\t<h2 id=\"elementor-tab-title-1242\" class=\"elementor-tab-title\" data-tab=\"2\" role=\"tab\" aria-controls=\"elementor-tab-content-1242\" aria-expanded=\"false\">\n\t\t\t\t\t\t\t\t\t\t\t\t<a href=\"\" class=\"elementor-toggle-title\">2\/ \u00bfEl restaurante tiene terraza?<\/a>\n\t\t\t\t\t<\/h2>\n\n\t\t\t\t\t<div id=\"elementor-tab-content-1242\" class=\"elementor-tab-content elementor-clearfix\" data-tab=\"2\" role=\"tabpanel\" aria-labelledby=\"elementor-tab-title-1242\"><p><span style=\"font-weight: 400;\">DVISI cuenta con dos espacios diferenciados: el interior y el exterior. La terraza del local es un espacio semi-abierto con techo de metacrilato y paneles abatibles. Durante los meses m\u00e1s calurosos del a\u00f1o habilitamos este espacio para que los comensales puedan comer mientras corre el aire.<\/span><\/p><\/div>\n\t\t\t\t<\/div>\n\t\t\t\t\t\t\t<div class=\"elementor-toggle-item\">\n\t\t\t\t\t<h2 id=\"elementor-tab-title-1243\" class=\"elementor-tab-title\" data-tab=\"3\" role=\"tab\" aria-controls=\"elementor-tab-content-1243\" aria-expanded=\"false\">\n\t\t\t\t\t\t\t\t\t\t\t\t<a href=\"\" class=\"elementor-toggle-title\">3\/ \u00bfSe pueden hacer reservas para grupos? <\/a>\n\t\t\t\t\t<\/h2>\n\n\t\t\t\t\t<div id=\"elementor-tab-content-1243\" class=\"elementor-tab-content elementor-clearfix\" data-tab=\"3\" role=\"tabpanel\" aria-labelledby=\"elementor-tab-title-1243\"><p><span style=\"font-weight: 400;\">El n\u00famero m\u00e1ximo de comensales que aceptamos en nuestro restaurante es de ocho personas. Disponemos de una sala privada en la que hemos instalado la mesa m\u00e1s grande del local, la de ocho comensales. <\/span><\/p><\/div>\n\t\t\t\t<\/div>\n\t\t\t\t\t\t\t<div class=\"elementor-toggle-item\">\n\t\t\t\t\t<h2 id=\"elementor-tab-title-1244\" class=\"elementor-tab-title\" data-tab=\"4\" role=\"tab\" aria-controls=\"elementor-tab-content-1244\" aria-expanded=\"false\">\n\t\t\t\t\t\t\t\t\t\t\t\t<a href=\"\" class=\"elementor-toggle-title\">4\/ \u00bfSe admiten perros en el restaurante? <\/a>\n\t\t\t\t\t<\/h2>\n\n\t\t\t\t\t<div id=\"elementor-tab-content-1244\" class=\"elementor-tab-content elementor-clearfix\" data-tab=\"4\" role=\"tabpanel\" aria-labelledby=\"elementor-tab-title-1244\"><p><span style=\"font-weight: 400;\">S\u00ed, se admiten perros, siempre y cuando las reservas correspondientes est\u00e9n ubicadas en la parte exterior del restaurante. Los perros son responsabilidad de sus due\u00f1os, por ello agradecemos que tengan un buen comportamiento y no interrumpan el bienestar del resto de comensales. <\/span><\/p><\/div>\n\t\t\t\t<\/div>\n\t\t\t\t\t\t\t<div class=\"elementor-toggle-item\">\n\t\t\t\t\t<h2 id=\"elementor-tab-title-1245\" class=\"elementor-tab-title\" data-tab=\"5\" role=\"tab\" aria-controls=\"elementor-tab-content-1245\" aria-expanded=\"false\">\n\t\t\t\t\t\t\t\t\t\t\t\t<a href=\"\" class=\"elementor-toggle-title\">5\/ \u00bfPueden acceder al restaurante personas con movilidad reducida o silla de ruedas?<\/a>\n\t\t\t\t\t<\/h2>\n\n\t\t\t\t\t<div id=\"elementor-tab-content-1245\" class=\"elementor-tab-content elementor-clearfix\" data-tab=\"5\" role=\"tabpanel\" aria-labelledby=\"elementor-tab-title-1245\"><p><span style=\"font-weight: 400;\">S\u00ed. Los espacios de DVISI son lo suficientemente amplios para la circulaci\u00f3n de personas con sillas de ruedas y no hay escaleras, a excepci\u00f3n de un peque\u00f1o escal\u00f3n. Las personas con movilidad reducida podr\u00e1n acceder al restaurante a trav\u00e9s de la entrada del hotel, y avanzar sin problema hasta la sala o la terraza del restaurante. <\/span><\/p><\/div>\n\t\t\t\t<\/div>\n\t\t\t\t\t\t\t<div class=\"elementor-toggle-item\">\n\t\t\t\t\t<h2 id=\"elementor-tab-title-1246\" class=\"elementor-tab-title\" data-tab=\"6\" role=\"tab\" aria-controls=\"elementor-tab-content-1246\" aria-expanded=\"false\">\n\t\t\t\t\t\t\t\t\t\t\t\t<a href=\"\" class=\"elementor-toggle-title\">6\/ \u00bfSe puede avisar del cumplea\u00f1os de alguien?<\/a>\n\t\t\t\t\t<\/h2>\n\n\t\t\t\t\t<div id=\"elementor-tab-content-1246\" class=\"elementor-tab-content elementor-clearfix\" data-tab=\"6\" role=\"tabpanel\" aria-labelledby=\"elementor-tab-title-1246\"><p><span style=\"font-weight: 400;\">S\u00ed. En el momento de la reserva online podr\u00e1s indicar si esta corresponde a una celebraci\u00f3n o un cumplea\u00f1os para que podamos preparar una vela simb\u00f3lica que se agregar\u00e1 a los postres que vayas a pedir. Si lo prefieres, puedes traer tus velas personalizadas o velas con n\u00famero para que se las llevemos a la persona que cumple a\u00f1os junto al postre.<\/span><\/p><\/div>\n\t\t\t\t<\/div>\n\t\t\t\t\t\t\t\t\t\t<script type=\"application\/ld+json\">{\"@context\":\"https:\\\/\\\/schema.org\",\"@type\":\"FAQPage\",\"mainEntity\":[{\"@type\":\"Question\",\"name\":\"1\\\/ \\u00bfQu\\u00e9 pasa si tengo alguna alergia o intolerancia?\",\"acceptedAnswer\":{\"@type\":\"Answer\",\"text\":\"<p><span style=\\\"font-weight: 400;\\\">La gran mayor\\u00eda de nuestros platos pueden adaptarse a las alergias e intolerancias de nuestros clientes, utilizando ingredientes alternativos o proponiendo otros platos fuera de carta. Para ello, es imprescindible que nos indiques cu\\u00e1les son tus alergias en el momento de la reserva. Reservando tu mesa a trav\\u00e9s de nuestra web, podr\\u00e1s indicar f\\u00e1cilmente qu\\u00e9 alimentos no puedes consumir. <\\\/span><\\\/p>\"}},{\"@type\":\"Question\",\"name\":\"2\\\/ \\u00bfEl restaurante tiene terraza?\",\"acceptedAnswer\":{\"@type\":\"Answer\",\"text\":\"<p><span style=\\\"font-weight: 400;\\\">DVISI cuenta con dos espacios diferenciados: el interior y el exterior. La terraza del local es un espacio semi-abierto con techo de metacrilato y paneles abatibles. Durante los meses m\\u00e1s calurosos del a\\u00f1o habilitamos este espacio para que los comensales puedan comer mientras corre el aire.<\\\/span><\\\/p>\"}},{\"@type\":\"Question\",\"name\":\"3\\\/ \\u00bfSe pueden hacer reservas para grupos?\",\"acceptedAnswer\":{\"@type\":\"Answer\",\"text\":\"<p><span style=\\\"font-weight: 400;\\\">El n\\u00famero m\\u00e1ximo de comensales que aceptamos en nuestro restaurante es de ocho personas. Disponemos de una sala privada en la que hemos instalado la mesa m\\u00e1s grande del local, la de ocho comensales. <\\\/span><\\\/p>\"}},{\"@type\":\"Question\",\"name\":\"4\\\/ \\u00bfSe admiten perros en el restaurante?\",\"acceptedAnswer\":{\"@type\":\"Answer\",\"text\":\"<p><span style=\\\"font-weight: 400;\\\">S\\u00ed, se admiten perros, siempre y cuando las reservas correspondientes est\\u00e9n ubicadas en la parte exterior del restaurante. Los perros son responsabilidad de sus due\\u00f1os, por ello agradecemos que tengan un buen comportamiento y no interrumpan el bienestar del resto de comensales. <\\\/span><\\\/p>\"}},{\"@type\":\"Question\",\"name\":\"5\\\/ \\u00bfPueden acceder al restaurante personas con movilidad reducida o silla de ruedas?\",\"acceptedAnswer\":{\"@type\":\"Answer\",\"text\":\"<p><span style=\\\"font-weight: 400;\\\">S\\u00ed. Los espacios de DVISI son lo suficientemente amplios para la circulaci\\u00f3n de personas con sillas de ruedas y no hay escaleras, a excepci\\u00f3n de un peque\\u00f1o escal\\u00f3n. Las personas con movilidad reducida podr\\u00e1n acceder al restaurante a trav\\u00e9s de la entrada del hotel, y avanzar sin problema hasta la sala o la terraza del restaurante. <\\\/span><\\\/p>\"}},{\"@type\":\"Question\",\"name\":\"6\\\/ \\u00bfSe puede avisar del cumplea\\u00f1os de alguien?\",\"acceptedAnswer\":{\"@type\":\"Answer\",\"text\":\"<p><span style=\\\"font-weight: 400;\\\">S\\u00ed. En el momento de la reserva online podr\\u00e1s indicar si esta corresponde a una celebraci\\u00f3n o un cumplea\\u00f1os para que podamos preparar una vela simb\\u00f3lica que se agregar\\u00e1 a los postres que vayas a pedir. Si lo prefieres, puedes traer tus velas personalizadas o velas con n\\u00famero para que se las llevemos a la persona que cumple a\\u00f1os junto al postre.<\\\/span><\\\/p>\"}}]}<\/script>\n\t\t\t\t\t<\/div>\n\t\t\t\t<\/div>\n\t\t\t\t<\/div>\n\t\t\t\t\t<\/div>\n\t\t<\/div>\n\t\t\t\t<div class=\"elementor-column elementor-col-16 elementor-top-column elementor-element elementor-element-2762c0e\" data-id=\"2762c0e\" data-element_type=\"column\">\n\t\t\t<div class=\"elementor-widget-wrap\">\n\t\t\t\t\t\t\t\t\t<\/div>\n\t\t<\/div>\n\t\t\t\t\t\t\t<\/div>\n\t\t<\/section>\n\t\t\t\t\t\t\t<\/div>\n\t\t","protected":false},"excerpt":{"rendered":"<p>Preguntas frecuentes Queremos que tu experiencia DVISI tenga todo aquello que deseas encontrar y supere tus expectativas. Si lo deseas, puedes echar un vistazo a las preguntas m\u00e1s frecuentes de nuestros clientes para resolver todas tus dudas antes de disfrutar de tu visita al restaurante. 1\/ \u00bfQu\u00e9 pasa si tengo alguna alergia o intolerancia? La [&hellip;]<\/p>\n","protected":false},"author":1,"featured_media":0,"parent":0,"menu_order":0,"comment_status":"closed","ping_status":"closed","template":"elementor_header_footer","meta":{"footnotes":""},"class_list":["post-116","page","type-page","status-publish","hentry"],"_links":{"self":[{"href":"https:\/\/restaurantdvisi.com\/es\/wp-json\/wp\/v2\/pages\/116","targetHints":{"allow":["GET"]}}],"collection":[{"href":"https:\/\/restaurantdvisi.com\/es\/wp-json\/wp\/v2\/pages"}],"about":[{"href":"https:\/\/restaurantdvisi.com\/es\/wp-json\/wp\/v2\/types\/page"}],"author":[{"embeddable":true,"href":"https:\/\/restaurantdvisi.com\/es\/wp-json\/wp\/v2\/users\/1"}],"replies":[{"embeddable":true,"href":"https:\/\/restaurantdvisi.com\/es\/wp-json\/wp\/v2\/comments?post=116"}],"version-history":[{"count":32,"href":"https:\/\/restaurantdvisi.com\/es\/wp-json\/wp\/v2\/pages\/116\/revisions"}],"predecessor-version":[{"id":3718,"href":"https:\/\/restaurantdvisi.com\/es\/wp-json\/wp\/v2\/pages\/116\/revisions\/3718"}],"wp:attachment":[{"href":"https:\/\/restaurantdvisi.com\/es\/wp-json\/wp\/v2\/media?parent=116"}],"curies":[{"name":"wp","href":"https:\/\/api.w.org\/{rel}","templated":true}]}}